{"id":103692,"date":"2022-11-03T09:27:56","date_gmt":"2022-11-03T09:27:56","guid":{"rendered":"https:\/\/marktblick.com\/about-us"},"modified":"2023-01-12T07:49:59","modified_gmt":"2023-01-12T07:49:59","slug":"about-us","status":"publish","type":"page","link":"https:\/\/marktblick.com\/en\/about-us","title":{"rendered":"About us"},"content":{"rendered":"<div class=\"wpb-content-wrapper\"><p>[vc_row row_height_percent=&#8221;55&#8243; override_padding=&#8221;yes&#8221; h_padding=&#8221;2&#8243; top_padding=&#8221;5&#8243; bottom_padding=&#8221;5&#8243; back_color=&#8221;color-nhtu&#8221; back_image=&#8221;103535&#8243; back_position=&#8221;right bottom&#8221; overlay_alpha=&#8221;0&#8243; gutter_size=&#8221;100&#8243; column_width_percent=&#8221;100&#8243; shift_y=&#8221;0&#8243; z_index=&#8221;0&#8243; enable_bottom_divider=&#8221;default&#8221; bottom_divider=&#8221;gradient&#8221; shape_bottom_h_use_pixel=&#8221;true&#8221; shape_bottom_height_percent=&#8221;50&#8243; shape_bottom_color=&#8221;color-jevc&#8221; shape_bottom_opacity=&#8221;25&#8243; shape_bottom_index=&#8221;0&#8243; style=&#8221;inherited&#8221; css=&#8221;.vc_custom_1663747984568{border-top-width: 0px !important;}&#8221; el_class=&#8221;homepage-search&#8221; uncode_shortcode_id=&#8221;195571&#8243; back_color_type=&#8221;uncode-palette&#8221; shape_bottom_color_type=&#8221;uncode-palette&#8221; row_height_pixel=&#8221;200&#8243;][vc_column column_width_use_pixel=&#8221;yes&#8221; position_vertical=&#8221;middle&#8221; align_horizontal=&#8221;align_center&#8221; gutter_size=&#8221;3&#8243; style=&#8221;dark&#8221; font_family=&#8221;font-613363&#8243; overlay_alpha=&#8221;100&#8243; shift_x=&#8221;0&#8243; shift_y=&#8221;0&#8243; shift_y_down=&#8221;0&#8243; z_index=&#8221;0&#8243; medium_width=&#8221;0&#8243; mobile_width=&#8221;0&#8243; zoom_width=&#8221;0&#8243; zoom_height=&#8221;0&#8243; width=&#8221;1\/1&#8243; column_width_pixel=&#8221;900&#8243; uncode_shortcode_id=&#8221;166361&#8243;][\/vc_column][\/vc_row][vc_row unlock_row_content=&#8221;yes&#8221; row_height_percent=&#8221;0&#8243; override_padding=&#8221;yes&#8221; h_padding=&#8221;2&#8243; top_padding=&#8221;0&#8243; bottom_padding=&#8221;4&#8243; back_color=&#8221;color-lxmt&#8221; overlay_alpha=&#8221;20&#8243; equal_height=&#8221;yes&#8221; gutter_size=&#8221;3&#8243; column_width_use_pixel=&#8221;yes&#8221; shift_y=&#8221;0&#8243; z_index=&#8221;0&#8243; top_divider=&#8221;gradient&#8221; bottom_divider=&#8221;gradient&#8221; column_width_pixel=&#8221;1400&#8243; uncode_shortcode_id=&#8221;112266&#8243; back_color_type=&#8221;uncode-palette&#8221;][vc_column column_width_percent=&#8221;100&#8243; gutter_size=&#8221;3&#8243; overlay_alpha=&#8221;50&#8243; shift_x=&#8221;0&#8243; shift_y=&#8221;-2&#8243; shift_y_fixed=&#8221;yes&#8221; shift_y_down=&#8221;0&#8243; z_index=&#8221;0&#8243; medium_width=&#8221;0&#8243; mobile_width=&#8221;0&#8243; width=&#8221;1\/1&#8243; uncode_shortcode_id=&#8221;119350&#8243; el_class=&#8221;col-to-header&#8221;][vc_row_inner limit_content=&#8221;&#8221;][vc_column_inner column_width_percent=&#8221;100&#8243; align_horizontal=&#8221;align_center&#8221; gutter_size=&#8221;3&#8243; override_padding=&#8221;yes&#8221; column_padding=&#8221;3&#8243; expand_height=&#8221;yes&#8221; back_color=&#8221;color-xsdn&#8221; overlay_alpha=&#8221;50&#8243; shift_x=&#8221;0&#8243; shift_y=&#8221;0&#8243; shift_y_down=&#8221;0&#8243; z_index=&#8221;0&#8243; medium_width=&#8221;4&#8243; mobile_width=&#8221;0&#8243; radius=&#8221;xs&#8221; shadow=&#8221;sm&#8221; shadow_hover=&#8221;yes&#8221; shadow_hover_weight=&#8221;std&#8221; width=&#8221;1\/2&#8243; uncode_shortcode_id=&#8221;168092&#8243; back_color_type=&#8221;uncode-palette&#8221;][vc_icon icon=&#8221;fa fa-users2&#8243; icon_color=&#8221;color-206529&#8243; size=&#8221;fa-3x&#8221; heading_semantic=&#8221;h2&#8243; text_size=&#8221;h2&#8243; text_lead=&#8221;yes&#8221; text_reduced=&#8221;yes&#8221; title=&#8221;About us&#8221; uncode_shortcode_id=&#8221;124155&#8243; icon_color_type=&#8221;uncode-palette&#8221; link=&#8221;url:%23company-1|title:About%20us&#8221; el_class=&#8221;icon_intro&#8221;]Standing by you as a strong and reliable service provider in the management of your property.[\/vc_icon][vc_icon icon=&#8221;fa fa-arrow-down-thick&#8221; icon_color=&#8221;color-206529&#8243; background_style=&#8221;fa-rounded&#8221; text_lead=&#8221;yes&#8221; uncode_shortcode_id=&#8221;134024&#8243; icon_color_type=&#8221;uncode-palette&#8221; link=&#8221;url:%23company-1|title:About%20us&#8221;][\/vc_icon][\/vc_column_inner][vc_column_inner column_width_percent=&#8221;100&#8243; align_horizontal=&#8221;align_center&#8221; gutter_size=&#8221;3&#8243; override_padding=&#8221;yes&#8221; column_padding=&#8221;3&#8243; expand_height=&#8221;yes&#8221; back_color=&#8221;color-xsdn&#8221; overlay_alpha=&#8221;50&#8243; shift_x=&#8221;0&#8243; shift_y=&#8221;0&#8243; shift_y_down=&#8221;0&#8243; z_index=&#8221;0&#8243; medium_width=&#8221;4&#8243; mobile_width=&#8221;0&#8243; radius=&#8221;xs&#8221; shadow=&#8221;sm&#8221; shadow_hover=&#8221;yes&#8221; shadow_hover_weight=&#8221;std&#8221; width=&#8221;1\/2&#8243; uncode_shortcode_id=&#8221;889798&#8243; back_color_type=&#8221;uncode-palette&#8221;][vc_icon icon=&#8221;fa fa-users2&#8243; icon_color=&#8221;accent&#8221; size=&#8221;fa-3x&#8221; heading_semantic=&#8221;h2&#8243; text_size=&#8221;h2&#8243; text_lead=&#8221;yes&#8221; text_reduced=&#8221;yes&#8221; title=&#8221;Company history&#8221; link=&#8221;url:%23company-2|title:Company%20history&#8221; uncode_shortcode_id=&#8221;207896&#8243; icon_color_type=&#8221;uncode-palette&#8221; el_class=&#8221;icon_intro&#8221;]Marktblick Hausverwaltung mbH was founded in 1998 under the name &#8220;We Care Gesellschaft f\u00fcr Hausverwaltung mbH&#8221;.[\/vc_icon][vc_icon icon=&#8221;fa fa-arrow-down-thick&#8221; icon_color=&#8221;color-206529&#8243; background_style=&#8221;fa-rounded&#8221; uncode_shortcode_id=&#8221;122227&#8243; icon_color_type=&#8221;uncode-palette&#8221; link=&#8221;url:%23company-2|title:Company%20History&#8221;][\/vc_icon][\/vc_column_inner][\/vc_row_inner][\/vc_column][\/vc_row][vc_row unlock_row_content=&#8221;yes&#8221; row_height_percent=&#8221;0&#8243; override_padding=&#8221;yes&#8221; h_padding=&#8221;0&#8243; top_padding=&#8221;4&#8243; bottom_padding=&#8221;4&#8243; back_color=&#8221;color-lxmt&#8221; overlay_alpha=&#8221;50&#8243; equal_height=&#8221;yes&#8221; gutter_size=&#8221;3&#8243; column_width_percent=&#8221;100&#8243; shift_y=&#8221;0&#8243; z_index=&#8221;0&#8243; inverted_device_order=&#8221;yes&#8221; uncode_shortcode_id=&#8221;354187&#8243; back_color_type=&#8221;uncode-palette&#8221; row_name=&#8221;company-1&#8243;][vc_column column_width_use_pixel=&#8221;yes&#8221; position_horizontal=&#8221;right&#8221; gutter_size=&#8221;3&#8243; override_padding=&#8221;yes&#8221; column_padding=&#8221;2&#8243; overlay_alpha=&#8221;50&#8243; shift_x=&#8221;0&#8243; shift_y=&#8221;0&#8243; shift_y_down=&#8221;0&#8243; z_index=&#8221;2&#8243; medium_width=&#8221;0&#8243; mobile_width=&#8221;0&#8243; width=&#8221;1\/2&#8243; column_width_pixel=&#8221;552&#8243; uncode_shortcode_id=&#8221;191884&#8243;][vc_custom_heading heading_semantic=&#8221;h4&#8243; text_size=&#8221;h3&#8243; uncode_shortcode_id=&#8221;483769&#8243;]For 25 years[\/vc_custom_heading][vc_column_text text_lead=&#8221;yes&#8221; uncode_shortcode_id=&#8221;161408&#8243;]Our company has been active in property management in Berlin for 25 years. Our well-trained team comprises 10 employees.<\/p>\n<p>The experience of our rental and condominium administrators is complemented in a goal-oriented manner by the efforts of our in-house craftsmen and our architects.<\/p>\n<p>Continuous education and training are an important basis for a competent and dynamic company. We pay attention to the professional training of our team and have been successfully training up young professionals for many years.<\/p>\n<p>All of which makes us a strong and reliable service provider in the management of your real estate.[\/vc_column_text][\/vc_column][vc_column column_width_percent=&#8221;100&#8243; gutter_size=&#8221;3&#8243; overlay_alpha=&#8221;50&#8243; shift_x=&#8221;0&#8243; shift_y=&#8221;0&#8243; shift_y_down=&#8221;0&#8243; z_index=&#8221;0&#8243; medium_width=&#8221;0&#8243; mobile_width=&#8221;0&#8243; width=&#8221;1\/2&#8243;][vc_single_image media=&#8221;103556&#8243; media_width_percent=&#8221;100&#8243; media_ratio=&#8221;three-two&#8221; shape=&#8221;img-round&#8221; shadow=&#8221;yes&#8221; shadow_weight=&#8221;std&#8221; css_animation=&#8221;right-t-left&#8221; uncode_shortcode_id=&#8221;227573&#8243;][\/vc_column][\/vc_row][vc_row unlock_row_content=&#8221;yes&#8221; row_height_percent=&#8221;0&#8243; override_padding=&#8221;yes&#8221; h_padding=&#8221;0&#8243; top_padding=&#8221;4&#8243; bottom_padding=&#8221;4&#8243; back_color=&#8221;color-xsdn&#8221; overlay_alpha=&#8221;50&#8243; equal_height=&#8221;yes&#8221; gutter_size=&#8221;3&#8243; column_width_percent=&#8221;100&#8243; shift_y=&#8221;0&#8243; z_index=&#8221;0&#8243; uncode_shortcode_id=&#8221;279973&#8243; back_color_type=&#8221;uncode-palette&#8221; row_name=&#8221;company-2&#8243;][vc_column column_width_percent=&#8221;100&#8243; gutter_size=&#8221;3&#8243; overlay_alpha=&#8221;50&#8243; shift_x=&#8221;0&#8243; shift_y=&#8221;0&#8243; shift_y_down=&#8221;0&#8243; z_index=&#8221;0&#8243; medium_width=&#8221;0&#8243; mobile_width=&#8221;0&#8243; width=&#8221;1\/2&#8243;][vc_single_image media=&#8221;103558&#8243; media_width_percent=&#8221;100&#8243; media_ratio=&#8221;three-two&#8221; shape=&#8221;img-round&#8221; shadow=&#8221;yes&#8221; shadow_weight=&#8221;std&#8221; css_animation=&#8221;left-t-right&#8221; uncode_shortcode_id=&#8221;795425&#8243;][\/vc_column][vc_column column_width_use_pixel=&#8221;yes&#8221; position_horizontal=&#8221;left&#8221; gutter_size=&#8221;3&#8243; override_padding=&#8221;yes&#8221; column_padding=&#8221;2&#8243; overlay_alpha=&#8221;50&#8243; shift_x=&#8221;0&#8243; shift_y=&#8221;0&#8243; shift_y_down=&#8221;0&#8243; z_index=&#8221;2&#8243; medium_width=&#8221;0&#8243; mobile_width=&#8221;0&#8243; width=&#8221;1\/2&#8243; column_width_pixel=&#8221;552&#8243; uncode_shortcode_id=&#8221;950692&#8243;][vc_custom_heading heading_semantic=&#8221;h4&#8243; text_size=&#8221;h3&#8243; uncode_shortcode_id=&#8221;102483&#8243;]Company history[\/vc_custom_heading][vc_column_text text_lead=&#8221;yes&#8221; uncode_shortcode_id=&#8221;129576&#8243;]In 1998 our company was founded under the name &#8220;We Care Gesellschaft f\u00fcr Hausverwaltung mbH&#8221;. But although the name was considered successful at first, we subsequently realised that \u201cwe care\u201d could be problematic in the local dialect, Berlinerisch: &#8220;&#8230;is that we &#8211; ka &#8211; re property management? I\u2019d like to ask you something &#8230;&#8221; sounds rather awkward!<\/p>\n<p>In 2008, it was felt that our name should more strongly reflect our competencies and the management and employees decided to rename the company &#8220;Marktblick Gesellschaft f\u00fcr Hausverwaltung mbH&#8221;. A name that describes us: We have an eye on the real estate market! &#8211; We look at the market for you!<\/p>\n<p>For many years the company was located in Franz\u00f6sische Stra\u00dfe on Gendarmenmarkt. In 2009 we moved to the other side of Leipziger Stra\u00dfe, leaving the tourist hotspot of Gendarmenmarkt for the bustling office life around Zimmerstra\u00dfe. In December 2022, it was time for another change of scenery. We moved our office to the beautiful district of Charlottenburg-Wilmersdorf, directly to Bundesallee 185.<\/p>\n<p>For the first few years, the company managed only residential properties. From 2002, commercial properties &#8211; offices and shopping centers &#8211; were added and, in line with developments on the residential property market, we expanded to include condominium and special property management.<\/p>\n<p>From the beginning, we have focused strongly on digitalization. Today, our company philosophy rests on the building blocks of modern and efficient IT support, systematized workflows, continuous training and a good working atmosphere.[\/vc_column_text][\/vc_column][\/vc_row]<\/p>\n<\/div>","protected":false},"excerpt":{"rendered":"<p>[vc_row row_height_percent=&#8221;55&#8243; override_padding=&#8221;yes&#8221; h_padding=&#8221;2&#8243; top_padding=&#8221;5&#8243; bottom_padding=&#8221;5&#8243; back_color=&#8221;color-nhtu&#8221; back_image=&#8221;103535&#8243; back_position=&#8221;right bottom&#8221; overlay_alpha=&#8221;0&#8243; gutter_size=&#8221;100&#8243; column_width_percent=&#8221;100&#8243; shift_y=&#8221;0&#8243; z_index=&#8221;0&#8243; enable_bottom_divider=&#8221;default&#8221; bottom_divider=&#8221;gradient&#8221; shape_bottom_h_use_pixel=&#8221;true&#8221; shape_bottom_height_percent=&#8221;50&#8243; shape_bottom_color=&#8221;color-jevc&#8221; [&hellip;]<\/p>\n","protected":false},"author":1,"featured_media":0,"parent":0,"menu_order":0,"comment_status":"closed","ping_status":"closed","template":"","meta":{"footnotes":""},"class_list":["post-103692","page","type-page","status-publish","hentry"],"_links":{"self":[{"href":"https:\/\/marktblick.com\/en\/wp-json\/wp\/v2\/pages\/103692","targetHints":{"allow":["GET"]}}],"collection":[{"href":"https:\/\/marktblick.com\/en\/wp-json\/wp\/v2\/pages"}],"about":[{"href":"https:\/\/marktblick.com\/en\/wp-json\/wp\/v2\/types\/page"}],"author":[{"embeddable":true,"href":"https:\/\/marktblick.com\/en\/wp-json\/wp\/v2\/users\/1"}],"replies":[{"embeddable":true,"href":"https:\/\/marktblick.com\/en\/wp-json\/wp\/v2\/comments?post=103692"}],"version-history":[{"count":9,"href":"https:\/\/marktblick.com\/en\/wp-json\/wp\/v2\/pages\/103692\/revisions"}],"predecessor-version":[{"id":103782,"href":"https:\/\/marktblick.com\/en\/wp-json\/wp\/v2\/pages\/103692\/revisions\/103782"}],"wp:attachment":[{"href":"https:\/\/marktblick.com\/en\/wp-json\/wp\/v2\/media?parent=103692"}],"curies":[{"name":"wp","href":"https:\/\/api.w.org\/{rel}","templated":true}]}}